{"id":149717,"date":"2021-02-19T16:52:07","date_gmt":"2021-02-19T15:52:07","guid":{"rendered":"https:\/\/www.leguriviera-groupe.ch\/pre-packaged-range\/"},"modified":"2022-10-07T15:46:17","modified_gmt":"2022-10-07T13:46:17","slug":"pre-packaged-range","status":"publish","type":"page","link":"https:\/\/www.leguriviera-groupe.ch\/en\/pre-packaged-range\/","title":{"rendered":"Pre-packaged range"},"content":{"rendered":"<p>[vc_row full_width=&#8221;stretch_row_content&#8221; mobile_bg_img_hidden=&#8221;no&#8221; tablet_bg_img_hidden=&#8221;no&#8221; woodmart_parallax=&#8221;0&#8243; woodmart_gradient_switch=&#8221;no&#8221; row_reverse_mobile=&#8221;0&#8243; row_reverse_tablet=&#8221;0&#8243; woodmart_disable_overflow=&#8221;0&#8243; css=&#8221;.vc_custom_1605624070183{margin-top: 0px !important;margin-right: 0px !important;margin-bottom: 0px !important;margin-left: 0px !important;border-top-width: 0px !important;border-right-width: 0px !important;border-bottom-width: 0px !important;border-left-width: 0px !important;background-color: #a31b5d !important;background-position: center !important;background-repeat: no-repeat !important;background-size: cover !important;}&#8221; el_id=&#8221;about_img_header&#8221;][vc_column css=&#8221;.vc_custom_1597070627697{background-position: center !important;background-repeat: no-repeat !important;background-size: cover !important;}&#8221; mobile_bg_img_hidden=&#8221;no&#8221; tablet_bg_img_hidden=&#8221;no&#8221; woodmart_parallax=&#8221;0&#8243; woodmart_sticky_column=&#8221;false&#8221; parallax_scroll=&#8221;no&#8221; mobile_reset_margin=&#8221;no&#8221; tablet_reset_margin=&#8221;no&#8221;][vc_empty_space height=&#8221;10vh&#8221; woodmart_hide_large=&#8221;0&#8243; woodmart_hide_medium=&#8221;0&#8243; woodmart_hide_small=&#8221;0&#8243; woodmart_hide_extra_small=&#8221;0&#8243;][vc_row_inner][vc_column_inner width=&#8221;1\/5&#8243;][\/vc_column_inner][vc_column_inner width=&#8221;4\/5&#8243; css=&#8221;.vc_custom_1605619638110{margin-top: 50px !important;}&#8221;][vc_column_text text_larger=&#8221;no&#8221;]<\/p>\n<h2 style=\"text-align: left;\"><span style=\"font-size: 35px; font-weight: 200; color: #ffffff;\">With us by your side, life is a bowl of cherries!<\/span><\/h2>\n<p>[\/vc_column_text][\/vc_column_inner][\/vc_row_inner]\t\t\t<div id=\"wd-5fd3796f754ee\" class=\"woodmart-row-divider wd-5fd3796f754ee dvr-position-bottom dvr-style-half-circle\">\n\t\t\t\t<svg xmlns=\"http:\/\/www.w3.org\/2000\/svg\" version=\"1.1\" width=\"100%\" height=\"50px\" viewBox=\"0 347 612 100\" preserveAspectRatio=\"none\">\n\t<path d=\"M0,447V347c244.8,100,367.2,100,612,0v100H0z\"\/>\n<\/svg>\n\t\t\t\t\t\t\t<\/div>\n\t\t[\/vc_column][\/vc_row][vc_row full_width=&#8221;stretch_row_content&#8221; mobile_bg_img_hidden=&#8221;no&#8221; tablet_bg_img_hidden=&#8221;no&#8221; woodmart_parallax=&#8221;0&#8243; woodmart_gradient_switch=&#8221;no&#8221; row_reverse_mobile=&#8221;0&#8243; row_reverse_tablet=&#8221;0&#8243; woodmart_disable_overflow=&#8221;0&#8243; css=&#8221;.vc_custom_1607441521135{margin-top: 0px !important;margin-right: 0px !important;margin-bottom: 0px !important;margin-left: 0px !important;border-top-width: 0px !important;border-right-width: 0px !important;border-bottom-width: 0px !important;border-left-width: 0px !important;background-position: center !important;background-repeat: no-repeat !important;background-size: cover !important;}&#8221;][vc_column css=&#8221;.vc_custom_1607441755495{margin-top: 0px !important;margin-bottom: 0px !important;padding-top: 0px !important;padding-bottom: 0px !important;background-position: center !important;background-repeat: no-repeat !important;background-size: cover !important;}&#8221; mobile_bg_img_hidden=&#8221;no&#8221; tablet_bg_img_hidden=&#8221;no&#8221; woodmart_parallax=&#8221;0&#8243; woodmart_sticky_column=&#8221;false&#8221; parallax_scroll=&#8221;no&#8221; mobile_reset_margin=&#8221;no&#8221; tablet_reset_margin=&#8221;no&#8221;][vc_row_inner content_placement=&#8221;middle&#8221; row_reverse_mobile=&#8221;0&#8243; row_reverse_tablet=&#8221;0&#8243;][vc_column_inner width=&#8221;1\/5&#8243; css=&#8221;.vc_custom_1607442206478{margin-top: 10px !important;margin-bottom: -20px !important;padding-top: 0px !important;padding-bottom: 0px !important;}&#8221;][\/vc_column_inner][vc_column_inner width=&#8221;3\/5&#8243; woodmart_text_align=&#8221;center&#8221; css=&#8221;.vc_custom_1608113569850{margin-top: 10px !important;margin-bottom: 0px !important;border-top-width: 0px !important;border-bottom-width: 0px !important;padding-top: 0px !important;padding-bottom: 0px !important;}&#8221;][vc_column_text text_larger=&#8221;no&#8221;]<\/p>\n<h2 style=\"text-align: center;\"><span style=\"font-size: 35px; font-weight: 200; color: #a31b5d;\">BE AS COOL AS A CUCUMBER!<\/span><\/h2>\n<h2 style=\"text-align: center;\"><span style=\"font-size: 25px; font-weight: 200; color: #a31b5d;\">Choose your favourite cut.<\/span><\/h2>\n<p>[\/vc_column_text][\/vc_column_inner][vc_column_inner width=&#8221;1\/5&#8243;][vc_single_image image=&#8221;23159&#8243; img_size=&#8221;200&#215;200&#8243; alignment=&#8221;center&#8221; parallax_scroll=&#8221;no&#8221; css=&#8221;.vc_custom_1609342488448{margin-top: 0px !important;margin-bottom: 0px !important;border-top-width: 0px !important;border-bottom-width: 0px !important;padding-top: 0px !important;padding-bottom: 0px !important;}&#8221;][\/vc_column_inner][\/vc_row_inner][\/vc_column][\/vc_row][vc_row full_width=&#8221;stretch_row_content&#8221; css=&#8221;.vc_custom_1605624268808{margin-top: 0px !important;padding-top: 0px !important;background-color: #a31b5d !important;background-position: center !important;background-repeat: no-repeat !important;background-size: cover !important;}&#8221; mobile_bg_img_hidden=&#8221;no&#8221; tablet_bg_img_hidden=&#8221;no&#8221; woodmart_parallax=&#8221;0&#8243; woodmart_gradient_switch=&#8221;no&#8221; row_reverse_mobile=&#8221;0&#8243; row_reverse_tablet=&#8221;0&#8243; woodmart_disable_overflow=&#8221;0&#8243;][vc_column css=&#8221;.vc_custom_1605622677496{margin-top: 0px !important;padding-top: 0px !important;}&#8221; mobile_bg_img_hidden=&#8221;no&#8221; tablet_bg_img_hidden=&#8221;no&#8221; woodmart_parallax=&#8221;0&#8243; woodmart_sticky_column=&#8221;false&#8221; parallax_scroll=&#8221;no&#8221; mobile_reset_margin=&#8221;no&#8221; tablet_reset_margin=&#8221;no&#8221;]\t\t\t<div id=\"wd-5fd3797578e12\" class=\"woodmart-row-divider wd-5fd3797578e12 dvr-position-top dvr-style-curved-line\">\n\t\t\t\t<svg xmlns=\"http:\/\/www.w3.org\/2000\/svg\" xmlns:xlink=\"http:\/\/www.w3.org\/1999\/xlink\" x=\"0px\" y=\"0px\"\n\t viewBox=\"0 0 100 100\" width=\"100%\" height=\"50px\" preserveAspectRatio=\"none\">\n<path display=\"none\" d=\"M100,25.8V100H0V52.5c-4.9-6.8-9.5-13.8-15-19.7V101h125V20.9C106.3,22,103,23.7,100,25.8z\"\/>\n<path d=\"M0,0v99c22-20.6,28.7-69.7,61.4-69.7c18.8,0,29.1,16.2,38.6,34V0L0,0z\"\/>\n<\/svg>\n\t\t\t\t\t\t\t<\/div>\n\t\t[\/vc_column][\/vc_row][vc_row full_width=&#8221;stretch_row_content&#8221; css=&#8221;.vc_custom_1607441855342{margin-top: 0px !important;padding-top: 0px !important;background-color: #a31b5d !important;background-position: center !important;background-repeat: no-repeat !important;background-size: cover !important;}&#8221; mobile_bg_img_hidden=&#8221;no&#8221; tablet_bg_img_hidden=&#8221;no&#8221; woodmart_parallax=&#8221;0&#8243; woodmart_gradient_switch=&#8221;no&#8221; row_reverse_mobile=&#8221;0&#8243; row_reverse_tablet=&#8221;0&#8243; woodmart_disable_overflow=&#8221;0&#8243;][vc_column css=&#8221;.vc_custom_1608112700998{margin-top: 20px !important;padding-top: 0px !important;}&#8221; mobile_bg_img_hidden=&#8221;no&#8221; tablet_bg_img_hidden=&#8221;no&#8221; woodmart_parallax=&#8221;0&#8243; woodmart_sticky_column=&#8221;false&#8221; parallax_scroll=&#8221;no&#8221; mobile_reset_margin=&#8221;no&#8221; tablet_reset_margin=&#8221;no&#8221;][vc_row_inner][vc_column_inner width=&#8221;1\/6&#8243;][\/vc_column_inner][vc_column_inner width=&#8221;2\/6&#8243;][vc_single_image image=&#8221;23270&#8243; img_size=&#8221;full&#8221; alignment=&#8221;right&#8221; parallax_scroll=&#8221;no&#8221;][vc_single_image image=&#8221;23273&#8243; img_size=&#8221;full&#8221; alignment=&#8221;right&#8221; parallax_scroll=&#8221;no&#8221; css=&#8221;.vc_custom_1608112824539{margin-bottom: 0px !important;}&#8221;][\/vc_column_inner][vc_column_inner width=&#8221;2\/6&#8243;][vc_column_text text_larger=&#8221;no&#8221; css=&#8221;.vc_custom_1609747270895{margin-left: 30px !important;}&#8221;]<\/p>\n<h4 style=\"color: white; font-size: 25px;\"><strong>Your advantages<\/strong><\/h4>\n<div style=\"color: white; line-height: 150%; font-size: 16px;\">A significant time-saver<br \/>\nReady-to-use processed products<br \/>\nA wide range of quality fruit and veg to choose from<br \/>\nThe most stringent hygiene practices<\/div>\n<p>[\/vc_column_text][vc_column_text text_larger=&#8221;no&#8221; css=&#8221;.vc_custom_1607441964448{margin-left: 30px !important;}&#8221;]<\/p>\n<h4 style=\"color: white; font-size: 25px;\">Our commitments<\/h4>\n<div style=\"color: white; line-height: 150%; font-size: 16px;\">Priority given to local produce<br \/>\nExceptionally fresh products<br \/>\nFood as healthy as it is delicious<br \/>\nAn effective logistics platform<br \/>\nFull traceability possible<\/div>\n<p>[\/vc_column_text][vc_single_image image=&#8221;23247&#8243; img_size=&#8221;full&#8221; parallax_scroll=&#8221;no&#8221;][\/vc_column_inner][vc_column_inner width=&#8221;1\/6&#8243; offset=&#8221;vc_hidden-lg vc_hidden-md vc_hidden-sm&#8221; css=&#8221;.vc_custom_1608112892218{margin-top: 0px !important;}&#8221;][vc_single_image image=&#8221;23273&#8243; img_size=&#8221;full&#8221; alignment=&#8221;right&#8221; parallax_scroll=&#8221;no&#8221; css=&#8221;.vc_custom_1608112824539{margin-bottom: 0px !important;}&#8221;][\/vc_column_inner][\/vc_row_inner][\/vc_column][\/vc_row][vc_row full_width=&#8221;stretch_row_content&#8221; css=&#8221;.vc_custom_1605628650615{background-image: url(https:\/\/www.leguriviera-groupe.ch\/wp-content\/uploads\/2020\/11\/4eme_gamme_banner-1.jpg?id=23261) !important;background-position: center !important;background-repeat: no-repeat !important;background-size: cover !important;}&#8221; mobile_bg_img_hidden=&#8221;no&#8221; tablet_bg_img_hidden=&#8221;no&#8221; woodmart_parallax=&#8221;0&#8243; woodmart_gradient_switch=&#8221;no&#8221; row_reverse_mobile=&#8221;0&#8243; row_reverse_tablet=&#8221;0&#8243; woodmart_disable_overflow=&#8221;0&#8243;][vc_column][vc_row_inner content_placement=&#8221;middle&#8221; row_reverse_mobile=&#8221;0&#8243; row_reverse_tablet=&#8221;0&#8243;][vc_column_inner woodmart_text_align=&#8221;center&#8221;]<div id=\"wd-5fcf9e6e4d2b7\" class=\"woodmart-button-wrapper text-center inline-element\"><a href=\"https:\/\/www.leguriviera-groupe.ch\/wp-content\/uploads\/2020\/11\/4eGammebrochureweb-3.pdf\" title=\"\" target=\"_blank\" class=\"btn btn-scheme-light btn-scheme-hover-light btn-style-bordered btn-shape-round btn-size-large\">SEE BROCHURE<\/a><\/div><div id=\"wd-5fcf9e6352936\" class=\"woodmart-button-wrapper text-center inline-element\"><a href=\"https:\/\/www.leguriviera-groupe.ch\/en\/shop\/\" title=\"shop\" target=\"_blank\" class=\"btn btn-scheme-light btn-scheme-hover-light btn-style-default btn-shape-round btn-size-large\">SEE PRODUCTS<\/a><\/div>[\/vc_column_inner][\/vc_row_inner][vc_empty_space height=&#8221;52px&#8221; woodmart_hide_large=&#8221;0&#8243; woodmart_hide_medium=&#8221;0&#8243; woodmart_hide_small=&#8221;0&#8243; woodmart_hide_extra_small=&#8221;0&#8243;][vc_empty_space height=&#8221;52px&#8221; woodmart_hide_large=&#8221;0&#8243; woodmart_hide_medium=&#8221;0&#8243; woodmart_hide_small=&#8221;0&#8243; woodmart_hide_extra_small=&#8221;0&#8243;]\t\t\t<div id=\"wd-5fb3fd265fdac\" class=\"woodmart-row-divider wd-5fb3fd265fdac dvr-position-bottom dvr-style-half-circle\">\n\t\t\t\t<svg xmlns=\"http:\/\/www.w3.org\/2000\/svg\" version=\"1.1\" width=\"100%\" height=\"50px\" viewBox=\"0 347 612 100\" preserveAspectRatio=\"none\">\n\t<path d=\"M0,447V347c244.8,100,367.2,100,612,0v100H0z\"\/>\n<\/svg>\n\t\t\t\t\t\t\t<\/div>\n\t\t[\/vc_column][\/vc_row]<\/p>\n","protected":false},"excerpt":{"rendered":"<p>[vc_row full_width=&#8221;stretch_row_content&#8221; mobile_bg_img_hidden=&#8221;no&#8221; tablet_bg_img_hidden=&#8221;no&#8221; woodmart_parallax=&#8221;0&#8243; woodmart_gradient_switch=&#8221;no&#8221; row_reverse_mobile=&#8221;0&#8243; row_reverse_tablet=&#8221;0&#8243; woodmart_disable_overflow=&#8221;0&#8243; css=&#8221;.vc_custom_1605624070183{margin-top: 0px !important;margin-right: 0px !important;margin-bottom: 0px !important;margin-left: 0px !important;border-top-width: 0px !important;border-right-width:<\/p>\n","protected":false},"author":1,"featured_media":0,"parent":0,"menu_order":0,"comment_status":"closed","ping_status":"closed","template":"","meta":[],"acf":[],"yoast_head":"<!-- This site is optimized with the Yoast SEO plugin v17.2.1 - https:\/\/yoast.com\/wordpress\/plugins\/seo\/ -->\n<title>Pre-packaged range &ndash; L\u00e9guriviera Groupe<\/title>\n<meta name=\"description\" content=\"Fruits et l\u00e9gumes d\u00e9coup\u00e9s, pr\u00e9par\u00e9s, pr\u00eats \u00e0 l&#039;emploi. Un grand choix de fruits et l\u00e9gumes de qualit\u00e9Une s\u00e9curit\u00e9 sanitaire optimale. VOS AVANTAGES\u2022 Un gain de temps consid\u00e9rable\u2022 Des produits transform\u00e9s pr\u00eat \u00e0 l\u2019emploi\u2022 Un grand choix de fruits et l\u00e9gumes de qualit\u00e9 \u2022 Une s\u00e9curit\u00e9 sanitaire optimale\" \/>\n<meta name=\"robots\" content=\"index, follow, max-snippet:-1, max-image-preview:large, max-video-preview:-1\" \/>\n<link rel=\"canonical\" href=\"https:\/\/www.leguriviera-groupe.ch\/en\/pre-packaged-range\/\" \/>\n<meta property=\"og:locale\" content=\"en_US\" \/>\n<meta property=\"og:type\" content=\"article\" \/>\n<meta property=\"og:title\" content=\"Pre-packaged range &ndash; L\u00e9guriviera Groupe\" \/>\n<meta property=\"og:description\" content=\"Fruits et l\u00e9gumes d\u00e9coup\u00e9s, pr\u00e9par\u00e9s, pr\u00eats \u00e0 l&#039;emploi. Un grand choix de fruits et l\u00e9gumes de qualit\u00e9Une s\u00e9curit\u00e9 sanitaire optimale. VOS AVANTAGES\u2022 Un gain de temps consid\u00e9rable\u2022 Des produits transform\u00e9s pr\u00eat \u00e0 l\u2019emploi\u2022 Un grand choix de fruits et l\u00e9gumes de qualit\u00e9 \u2022 Une s\u00e9curit\u00e9 sanitaire optimale\" \/>\n<meta property=\"og:url\" content=\"https:\/\/www.leguriviera-groupe.ch\/en\/pre-packaged-range\/\" \/>\n<meta property=\"og:site_name\" content=\"L\u00e9guriviera Groupe\" \/>\n<meta property=\"article:publisher\" content=\"https:\/\/www.facebook.com\/legurivierasa\" \/>\n<meta property=\"article:modified_time\" content=\"2022-10-07T13:46:17+00:00\" \/>\n<meta name=\"twitter:card\" content=\"summary_large_image\" \/>\n<meta name=\"twitter:label1\" content=\"Est. reading time\" \/>\n\t<meta name=\"twitter:data1\" content=\"6 minutes\" \/>\n<script type=\"application\/ld+json\" class=\"yoast-schema-graph\">{\"@context\":\"https:\/\/schema.org\",\"@graph\":[{\"@type\":\"Organization\",\"@id\":\"https:\/\/www.leguriviera-groupe.ch\/#organization\",\"name\":\"L\\u00e9guriviera Groupe\",\"url\":\"https:\/\/www.leguriviera-groupe.ch\/\",\"sameAs\":[\"https:\/\/www.facebook.com\/legurivierasa\",\"https:\/\/www.instagram.com\/leguriviera_groupe\/\",\"https:\/\/ch.linkedin.com\/company\/l\\u00e9guriviera-groupe\",\"https:\/\/www.youtube.com\/channel\/UCyYRaKk6tstZu7CgfSWq9QA\"],\"logo\":{\"@type\":\"ImageObject\",\"@id\":\"https:\/\/www.leguriviera-groupe.ch\/#logo\",\"inLanguage\":\"en-US\",\"url\":\"\",\"contentUrl\":\"\",\"caption\":\"L\\u00e9guriviera Groupe\"},\"image\":{\"@id\":\"https:\/\/www.leguriviera-groupe.ch\/#logo\"}},{\"@type\":\"WebSite\",\"@id\":\"https:\/\/www.leguriviera-groupe.ch\/#website\",\"url\":\"https:\/\/www.leguriviera-groupe.ch\/\",\"name\":\"L\\u00e9guriviera Groupe\",\"description\":\"Fruits et l\\u00e9gumes d&#039;exception\",\"publisher\":{\"@id\":\"https:\/\/www.leguriviera-groupe.ch\/#organization\"},\"potentialAction\":[{\"@type\":\"SearchAction\",\"target\":{\"@type\":\"EntryPoint\",\"urlTemplate\":\"https:\/\/www.leguriviera-groupe.ch\/?s={search_term_string}\"},\"query-input\":\"required name=search_term_string\"}],\"inLanguage\":\"en-US\"},{\"@type\":\"WebPage\",\"@id\":\"https:\/\/www.leguriviera-groupe.ch\/en\/pre-packaged-range\/#webpage\",\"url\":\"https:\/\/www.leguriviera-groupe.ch\/en\/pre-packaged-range\/\",\"name\":\"Pre-packaged range &ndash; L\\u00e9guriviera Groupe\",\"isPartOf\":{\"@id\":\"https:\/\/www.leguriviera-groupe.ch\/#website\"},\"datePublished\":\"2021-02-19T15:52:07+00:00\",\"dateModified\":\"2022-10-07T13:46:17+00:00\",\"description\":\"Fruits et l\\u00e9gumes d\\u00e9coup\\u00e9s, pr\\u00e9par\\u00e9s, pr\\u00eats \\u00e0 l'emploi. Un grand choix de fruits et l\\u00e9gumes de qualit\\u00e9Une s\\u00e9curit\\u00e9 sanitaire optimale. VOS AVANTAGES\\u2022 Un gain de temps consid\\u00e9rable\\u2022 Des produits transform\\u00e9s pr\\u00eat \\u00e0 l\\u2019emploi\\u2022 Un grand choix de fruits et l\\u00e9gumes de qualit\\u00e9 \\u2022 Une s\\u00e9curit\\u00e9 sanitaire optimale\",\"breadcrumb\":{\"@id\":\"https:\/\/www.leguriviera-groupe.ch\/en\/pre-packaged-range\/#breadcrumb\"},\"inLanguage\":\"en-US\",\"potentialAction\":[{\"@type\":\"ReadAction\",\"target\":[\"https:\/\/www.leguriviera-groupe.ch\/en\/pre-packaged-range\/\"]}]},{\"@type\":\"BreadcrumbList\",\"@id\":\"https:\/\/www.leguriviera-groupe.ch\/en\/pre-packaged-range\/#breadcrumb\",\"itemListElement\":[{\"@type\":\"ListItem\",\"position\":1,\"name\":\"Accueil\",\"item\":\"https:\/\/www.leguriviera-groupe.ch\/en\/\"},{\"@type\":\"ListItem\",\"position\":2,\"name\":\"Pre-packaged range\"}]}]}<\/script>\n<!-- \/ Yoast SEO plugin. -->","yoast_head_json":{"title":"Pre-packaged range &ndash; L\u00e9guriviera Groupe","description":"Fruits et l\u00e9gumes d\u00e9coup\u00e9s, pr\u00e9par\u00e9s, pr\u00eats \u00e0 l'emploi. Un grand choix de fruits et l\u00e9gumes de qualit\u00e9Une s\u00e9curit\u00e9 sanitaire optimale. VOS AVANTAGES\u2022 Un gain de temps consid\u00e9rable\u2022 Des produits transform\u00e9s pr\u00eat \u00e0 l\u2019emploi\u2022 Un grand choix de fruits et l\u00e9gumes de qualit\u00e9 \u2022 Une s\u00e9curit\u00e9 sanitaire optimale","robots":{"index":"index","follow":"follow","max-snippet":"max-snippet:-1","max-image-preview":"max-image-preview:large","max-video-preview":"max-video-preview:-1"},"canonical":"https:\/\/www.leguriviera-groupe.ch\/en\/pre-packaged-range\/","og_locale":"en_US","og_type":"article","og_title":"Pre-packaged range &ndash; L\u00e9guriviera Groupe","og_description":"Fruits et l\u00e9gumes d\u00e9coup\u00e9s, pr\u00e9par\u00e9s, pr\u00eats \u00e0 l'emploi. Un grand choix de fruits et l\u00e9gumes de qualit\u00e9Une s\u00e9curit\u00e9 sanitaire optimale. VOS AVANTAGES\u2022 Un gain de temps consid\u00e9rable\u2022 Des produits transform\u00e9s pr\u00eat \u00e0 l\u2019emploi\u2022 Un grand choix de fruits et l\u00e9gumes de qualit\u00e9 \u2022 Une s\u00e9curit\u00e9 sanitaire optimale","og_url":"https:\/\/www.leguriviera-groupe.ch\/en\/pre-packaged-range\/","og_site_name":"L\u00e9guriviera Groupe","article_publisher":"https:\/\/www.facebook.com\/legurivierasa","article_modified_time":"2022-10-07T13:46:17+00:00","twitter_card":"summary_large_image","twitter_misc":{"Est. reading time":"6 minutes"},"schema":{"@context":"https:\/\/schema.org","@graph":[{"@type":"Organization","@id":"https:\/\/www.leguriviera-groupe.ch\/#organization","name":"L\u00e9guriviera Groupe","url":"https:\/\/www.leguriviera-groupe.ch\/","sameAs":["https:\/\/www.facebook.com\/legurivierasa","https:\/\/www.instagram.com\/leguriviera_groupe\/","https:\/\/ch.linkedin.com\/company\/l\u00e9guriviera-groupe","https:\/\/www.youtube.com\/channel\/UCyYRaKk6tstZu7CgfSWq9QA"],"logo":{"@type":"ImageObject","@id":"https:\/\/www.leguriviera-groupe.ch\/#logo","inLanguage":"en-US","url":"","contentUrl":"","caption":"L\u00e9guriviera Groupe"},"image":{"@id":"https:\/\/www.leguriviera-groupe.ch\/#logo"}},{"@type":"WebSite","@id":"https:\/\/www.leguriviera-groupe.ch\/#website","url":"https:\/\/www.leguriviera-groupe.ch\/","name":"L\u00e9guriviera Groupe","description":"Fruits et l\u00e9gumes d&#039;exception","publisher":{"@id":"https:\/\/www.leguriviera-groupe.ch\/#organization"},"potentialAction":[{"@type":"SearchAction","target":{"@type":"EntryPoint","urlTemplate":"https:\/\/www.leguriviera-groupe.ch\/?s={search_term_string}"},"query-input":"required name=search_term_string"}],"inLanguage":"en-US"},{"@type":"WebPage","@id":"https:\/\/www.leguriviera-groupe.ch\/en\/pre-packaged-range\/#webpage","url":"https:\/\/www.leguriviera-groupe.ch\/en\/pre-packaged-range\/","name":"Pre-packaged range &ndash; L\u00e9guriviera Groupe","isPartOf":{"@id":"https:\/\/www.leguriviera-groupe.ch\/#website"},"datePublished":"2021-02-19T15:52:07+00:00","dateModified":"2022-10-07T13:46:17+00:00","description":"Fruits et l\u00e9gumes d\u00e9coup\u00e9s, pr\u00e9par\u00e9s, pr\u00eats \u00e0 l'emploi. Un grand choix de fruits et l\u00e9gumes de qualit\u00e9Une s\u00e9curit\u00e9 sanitaire optimale. VOS AVANTAGES\u2022 Un gain de temps consid\u00e9rable\u2022 Des produits transform\u00e9s pr\u00eat \u00e0 l\u2019emploi\u2022 Un grand choix de fruits et l\u00e9gumes de qualit\u00e9 \u2022 Une s\u00e9curit\u00e9 sanitaire optimale","breadcrumb":{"@id":"https:\/\/www.leguriviera-groupe.ch\/en\/pre-packaged-range\/#breadcrumb"},"inLanguage":"en-US","potentialAction":[{"@type":"ReadAction","target":["https:\/\/www.leguriviera-groupe.ch\/en\/pre-packaged-range\/"]}]},{"@type":"BreadcrumbList","@id":"https:\/\/www.leguriviera-groupe.ch\/en\/pre-packaged-range\/#breadcrumb","itemListElement":[{"@type":"ListItem","position":1,"name":"Accueil","item":"https:\/\/www.leguriviera-groupe.ch\/en\/"},{"@type":"ListItem","position":2,"name":"Pre-packaged range"}]}]}},"_links":{"self":[{"href":"https:\/\/www.leguriviera-groupe.ch\/en\/wp-json\/wp\/v2\/pages\/149717"}],"collection":[{"href":"https:\/\/www.leguriviera-groupe.ch\/en\/wp-json\/wp\/v2\/pages"}],"about":[{"href":"https:\/\/www.leguriviera-groupe.ch\/en\/wp-json\/wp\/v2\/types\/page"}],"author":[{"embeddable":true,"href":"https:\/\/www.leguriviera-groupe.ch\/en\/wp-json\/wp\/v2\/users\/1"}],"replies":[{"embeddable":true,"href":"https:\/\/www.leguriviera-groupe.ch\/en\/wp-json\/wp\/v2\/comments?post=149717"}],"version-history":[{"count":3,"href":"https:\/\/www.leguriviera-groupe.ch\/en\/wp-json\/wp\/v2\/pages\/149717\/revisions"}],"predecessor-version":[{"id":1420003,"href":"https:\/\/www.leguriviera-groupe.ch\/en\/wp-json\/wp\/v2\/pages\/149717\/revisions\/1420003"}],"wp:attachment":[{"href":"https:\/\/www.leguriviera-groupe.ch\/en\/wp-json\/wp\/v2\/media?parent=149717"}],"curies":[{"name":"wp","href":"https:\/\/api.w.org\/{rel}","templated":true}]}}