{"id":149598,"date":"2020-11-03T19:07:30","date_gmt":"2020-11-03T18:07:30","guid":{"rendered":"https:\/\/www.leguriviera-groupe.ch\/stellenangebote\/"},"modified":"2025-05-20T09:37:32","modified_gmt":"2025-05-20T07:37:32","slug":"stellenangebote","status":"publish","type":"page","link":"https:\/\/www.leguriviera-groupe.ch\/de\/stellenangebote\/","title":{"rendered":"Stellenangebote"},"content":{"rendered":"<p>[vc_row full_width=&#8221;stretch_row_content&#8221; mobile_bg_img_hidden=&#8221;no&#8221; tablet_bg_img_hidden=&#8221;no&#8221; woodmart_parallax=&#8221;0&#8243; woodmart_gradient_switch=&#8221;no&#8221; row_reverse_mobile=&#8221;0&#8243; row_reverse_tablet=&#8221;0&#8243; woodmart_disable_overflow=&#8221;0&#8243; css=&#8221;.vc_custom_1604417351527{margin-top: 0px !important;margin-right: 0px !important;margin-bottom: 0px !important;margin-left: 0px !important;border-top-width: 0px !important;border-right-width: 0px !important;border-bottom-width: 0px !important;border-left-width: 0px !important;background-image: url(https:\/\/www.leguriviera-groupe.ch\/wp-content\/uploads\/2020\/11\/leguriviera_events.png?id=18479) !important;background-position: center !important;background-repeat: no-repeat !important;background-size: cover !important;}&#8221; el_id=&#8221;about_img_header&#8221;][vc_column css=&#8221;.vc_custom_1597070627697{background-position: center !important;background-repeat: no-repeat !important;background-size: cover !important;}&#8221; mobile_bg_img_hidden=&#8221;no&#8221; tablet_bg_img_hidden=&#8221;no&#8221; woodmart_parallax=&#8221;0&#8243; woodmart_sticky_column=&#8221;false&#8221; parallax_scroll=&#8221;no&#8221; mobile_reset_margin=&#8221;no&#8221; tablet_reset_margin=&#8221;no&#8221;][vc_empty_space height=&#8221;10vh&#8221; woodmart_hide_large=&#8221;0&#8243; woodmart_hide_medium=&#8221;0&#8243; woodmart_hide_small=&#8221;0&#8243; woodmart_hide_extra_small=&#8221;0&#8243;][vc_row_inner][vc_column_inner width=&#8221;1\/5&#8243;][\/vc_column_inner][vc_column_inner width=&#8221;3\/5&#8243;][vc_column_text text_larger=&#8221;no&#8221; css=&#8221;.vc_custom_1604427794132{margin-top: 50px !important;}&#8221;]<\/p>\n<h2 style=\"text-align: left;\"><span style=\"font-size: 70px; font-weight: 200; color: #ffffff;\">Stellenangebote<\/span><\/h2>\n<p>[\/vc_column_text][\/vc_column_inner][vc_column_inner width=&#8221;1\/5&#8243;][\/vc_column_inner][\/vc_row_inner]\t\t\t<div id=\"wd-5fd37952e2b03\" class=\"woodmart-row-divider wd-5fd37952e2b03 dvr-position-bottom dvr-style-half-circle\">\n\t\t\t\t<svg xmlns=\"http:\/\/www.w3.org\/2000\/svg\" version=\"1.1\" width=\"100%\" height=\"50px\" viewBox=\"0 347 612 100\" preserveAspectRatio=\"none\">\n\t<path d=\"M0,447V347c244.8,100,367.2,100,612,0v100H0z\"\/>\n<\/svg>\n\t\t\t\t\t\t\t<\/div>\n\t\t[\/vc_column][\/vc_row][vc_row mobile_bg_img_hidden=&#8221;no&#8221; tablet_bg_img_hidden=&#8221;no&#8221; woodmart_parallax=&#8221;0&#8243; woodmart_gradient_switch=&#8221;no&#8221; row_reverse_mobile=&#8221;0&#8243; row_reverse_tablet=&#8221;0&#8243; woodmart_disable_overflow=&#8221;0&#8243;][vc_column mobile_bg_img_hidden=&#8221;no&#8221; tablet_bg_img_hidden=&#8221;no&#8221; woodmart_parallax=&#8221;0&#8243; woodmart_sticky_column=&#8221;false&#8221; parallax_scroll=&#8221;no&#8221; mobile_reset_margin=&#8221;no&#8221; tablet_reset_margin=&#8221;no&#8221;][vc_column_text text_larger=&#8221;no&#8221;]<\/p>\n<p style=\"font-size: 1.69rem;\">Da unser Unternehmen stetig w\u00e4chst, sind wir oft auf der Suche nach Mitarbeitern f\u00fcr unterschiedliche Positionen. In dieser Rubrik finden Sie daher regelm\u00e4\u00dfig die Stellen, f\u00fcr die wir Mitarbeiter suchen.<\/p>\n<p>[\/vc_column_text][vc_empty_space height=&#8221;25px&#8221; woodmart_hide_large=&#8221;0&#8243; woodmart_hide_medium=&#8221;0&#8243; woodmart_hide_small=&#8221;0&#8243; woodmart_hide_extra_small=&#8221;0&#8243;][\/vc_column][\/vc_row][vc_row][vc_column width=&#8221;1\/2&#8243;][vc_column_text text_larger=&#8221;no&#8221;]<\/p>\n<h5>Villars-Ste-Croix VD<\/h5>\n<h4>ASSSISTANT\/E DE DIRECTION ENTRE 60% ET 100%<\/h4>\n<p>[\/vc_column_text]<div id=\"wd-66978978a9db4\" class=\"woodmart-button-wrapper text-left\"><a href=\"https:\/\/www.leguriviera-groupe.ch\/wp-content\/uploads\/2024\/07\/LRG_2024.07.16_AssistDirVSC.pdf\" title=\"\" class=\"btn btn-color-primary btn-style-default btn-shape-round btn-size-small\">Stellenanzeige aufrufen<\/a><\/div>[vc_separator][\/vc_column][vc_column width=&#8221;1\/2&#8243;][\/vc_column][\/vc_row][vc_row][vc_column width=&#8221;1\/2&#8243;][\/vc_column][vc_column width=&#8221;1\/2&#8243;][\/vc_column][\/vc_row][vc_row][vc_column width=&#8221;1\/2&#8243;][\/vc_column][vc_column width=&#8221;1\/2&#8243;][\/vc_column][\/vc_row][vc_row][vc_column width=&#8221;1\/2&#8243;][\/vc_column][vc_column width=&#8221;1\/2&#8243;][\/vc_column][\/vc_row][vc_row][vc_column width=&#8221;1\/2&#8243;][\/vc_column][vc_column width=&#8221;1\/2&#8243;][\/vc_column][\/vc_row][vc_row][vc_column width=&#8221;1\/2&#8243;][\/vc_column][vc_column width=&#8221;1\/2&#8243;][\/vc_column][\/vc_row][vc_row][vc_column width=&#8221;1\/2&#8243;][\/vc_column][vc_column width=&#8221;1\/2&#8243;][\/vc_column][\/vc_row]<\/p>\n","protected":false},"excerpt":{"rendered":"<p>[vc_row full_width=&#8221;stretch_row_content&#8221; mobile_bg_img_hidden=&#8221;no&#8221; tablet_bg_img_hidden=&#8221;no&#8221; woodmart_parallax=&#8221;0&#8243; woodmart_gradient_switch=&#8221;no&#8221; row_reverse_mobile=&#8221;0&#8243; row_reverse_tablet=&#8221;0&#8243; woodmart_disable_overflow=&#8221;0&#8243; css=&#8221;.vc_custom_1604417351527{margin-top: 0px !important;margin-right: 0px !important;margin-bottom: 0px !important;margin-left: 0px !important;border-top-width: 0px !important;border-right-width:<\/p>\n","protected":false},"author":1,"featured_media":0,"parent":0,"menu_order":0,"comment_status":"closed","ping_status":"closed","template":"","meta":[],"acf":[],"yoast_head":"<!-- This site is optimized with the Yoast SEO plugin v17.2.1 - https:\/\/yoast.com\/wordpress\/plugins\/seo\/ -->\n<title>Stellenangebote &ndash; L\u00e9guriviera<\/title>\n<meta name=\"description\" content=\"Werden Sie Teil eines dynamischen Unternehmens, das sich st\u00e4ndig weiterentwickelt und in seinem Bereich f\u00fchrend ist!\" \/>\n<meta name=\"robots\" content=\"index, follow, max-snippet:-1, max-image-preview:large, max-video-preview:-1\" \/>\n<link rel=\"canonical\" href=\"https:\/\/www.leguriviera-groupe.ch\/de\/emplois\/\" \/>\n<meta property=\"og:locale\" content=\"de_DE\" \/>\n<meta property=\"og:type\" content=\"article\" \/>\n<meta property=\"og:title\" content=\"Stellenangebote &ndash; L\u00e9guriviera\" \/>\n<meta property=\"og:description\" content=\"Werden Sie Teil eines dynamischen Unternehmens, das sich st\u00e4ndig weiterentwickelt und in seinem Bereich f\u00fchrend ist!\" \/>\n<meta property=\"og:url\" content=\"https:\/\/www.leguriviera-groupe.ch\/emplois\/\" \/>\n<meta property=\"og:site_name\" content=\"L\u00e9guriviera\" \/>\n<meta property=\"article:publisher\" content=\"https:\/\/www.facebook.com\/legurivierasa\" \/>\n<meta property=\"article:modified_time\" content=\"2025-05-20T07:37:32+00:00\" \/>\n<meta name=\"twitter:card\" content=\"summary_large_image\" \/>\n<meta name=\"twitter:label1\" content=\"Gesch\u00e4tzte Lesezeit\" \/>\n\t<meta name=\"twitter:data1\" content=\"2 Minuten\" \/>\n<script type=\"application\/ld+json\" class=\"yoast-schema-graph\">{\"@context\":\"https:\/\/schema.org\",\"@graph\":[{\"@type\":\"Organization\",\"@id\":\"https:\/\/www.leguriviera-groupe.ch\/#organization\",\"name\":\"L\\u00e9guriviera Groupe\",\"url\":\"https:\/\/www.leguriviera-groupe.ch\/\",\"sameAs\":[\"https:\/\/www.facebook.com\/legurivierasa\",\"https:\/\/www.instagram.com\/leguriviera_groupe\/\",\"https:\/\/ch.linkedin.com\/company\/l\\u00e9guriviera-groupe\",\"https:\/\/www.youtube.com\/channel\/UCyYRaKk6tstZu7CgfSWq9QA\"],\"logo\":{\"@type\":\"ImageObject\",\"@id\":\"https:\/\/www.leguriviera-groupe.ch\/#logo\",\"inLanguage\":\"de-DE\",\"url\":\"\",\"contentUrl\":\"\",\"caption\":\"L\\u00e9guriviera Groupe\"},\"image\":{\"@id\":\"https:\/\/www.leguriviera-groupe.ch\/#logo\"}},{\"@type\":\"WebSite\",\"@id\":\"https:\/\/www.leguriviera-groupe.ch\/#website\",\"url\":\"https:\/\/www.leguriviera-groupe.ch\/\",\"name\":\"L\\u00e9guriviera\",\"description\":\"Fruits et l\\u00e9gumes d&#039;exception\",\"publisher\":{\"@id\":\"https:\/\/www.leguriviera-groupe.ch\/#organization\"},\"potentialAction\":[{\"@type\":\"SearchAction\",\"target\":{\"@type\":\"EntryPoint\",\"urlTemplate\":\"https:\/\/www.leguriviera-groupe.ch\/?s={search_term_string}\"},\"query-input\":\"required name=search_term_string\"}],\"inLanguage\":\"de-DE\"},{\"@type\":\"WebPage\",\"@id\":\"https:\/\/www.leguriviera-groupe.ch\/emplois\/#webpage\",\"url\":\"https:\/\/www.leguriviera-groupe.ch\/emplois\/\",\"name\":\"Stellenangebote &ndash; L\\u00e9guriviera\",\"isPartOf\":{\"@id\":\"https:\/\/www.leguriviera-groupe.ch\/#website\"},\"datePublished\":\"2020-11-03T18:07:30+00:00\",\"dateModified\":\"2025-05-20T07:37:32+00:00\",\"description\":\"Werden Sie Teil eines dynamischen Unternehmens, das sich st\\u00e4ndig weiterentwickelt und in seinem Bereich f\\u00fchrend ist!\",\"breadcrumb\":{\"@id\":\"https:\/\/www.leguriviera-groupe.ch\/emplois\/#breadcrumb\"},\"inLanguage\":\"de-DE\",\"potentialAction\":[{\"@type\":\"ReadAction\",\"target\":[\"https:\/\/www.leguriviera-groupe.ch\/emplois\/\"]}]},{\"@type\":\"BreadcrumbList\",\"@id\":\"https:\/\/www.leguriviera-groupe.ch\/emplois\/#breadcrumb\",\"itemListElement\":[{\"@type\":\"ListItem\",\"position\":1,\"name\":\"Accueil\",\"item\":\"https:\/\/www.leguriviera-groupe.ch\/de\/\"},{\"@type\":\"ListItem\",\"position\":2,\"name\":\"Stellenangebote\"}]}]}<\/script>\n<!-- \/ Yoast SEO plugin. -->","yoast_head_json":{"title":"Stellenangebote &ndash; L\u00e9guriviera","description":"Werden Sie Teil eines dynamischen Unternehmens, das sich st\u00e4ndig weiterentwickelt und in seinem Bereich f\u00fchrend ist!","robots":{"index":"index","follow":"follow","max-snippet":"max-snippet:-1","max-image-preview":"max-image-preview:large","max-video-preview":"max-video-preview:-1"},"canonical":"https:\/\/www.leguriviera-groupe.ch\/de\/emplois\/","og_locale":"de_DE","og_type":"article","og_title":"Stellenangebote &ndash; L\u00e9guriviera","og_description":"Werden Sie Teil eines dynamischen Unternehmens, das sich st\u00e4ndig weiterentwickelt und in seinem Bereich f\u00fchrend ist!","og_url":"https:\/\/www.leguriviera-groupe.ch\/emplois\/","og_site_name":"L\u00e9guriviera","article_publisher":"https:\/\/www.facebook.com\/legurivierasa","article_modified_time":"2025-05-20T07:37:32+00:00","twitter_card":"summary_large_image","twitter_misc":{"Gesch\u00e4tzte Lesezeit":"2 Minuten"},"schema":{"@context":"https:\/\/schema.org","@graph":[{"@type":"Organization","@id":"https:\/\/www.leguriviera-groupe.ch\/#organization","name":"L\u00e9guriviera Groupe","url":"https:\/\/www.leguriviera-groupe.ch\/","sameAs":["https:\/\/www.facebook.com\/legurivierasa","https:\/\/www.instagram.com\/leguriviera_groupe\/","https:\/\/ch.linkedin.com\/company\/l\u00e9guriviera-groupe","https:\/\/www.youtube.com\/channel\/UCyYRaKk6tstZu7CgfSWq9QA"],"logo":{"@type":"ImageObject","@id":"https:\/\/www.leguriviera-groupe.ch\/#logo","inLanguage":"de-DE","url":"","contentUrl":"","caption":"L\u00e9guriviera Groupe"},"image":{"@id":"https:\/\/www.leguriviera-groupe.ch\/#logo"}},{"@type":"WebSite","@id":"https:\/\/www.leguriviera-groupe.ch\/#website","url":"https:\/\/www.leguriviera-groupe.ch\/","name":"L\u00e9guriviera","description":"Fruits et l\u00e9gumes d&#039;exception","publisher":{"@id":"https:\/\/www.leguriviera-groupe.ch\/#organization"},"potentialAction":[{"@type":"SearchAction","target":{"@type":"EntryPoint","urlTemplate":"https:\/\/www.leguriviera-groupe.ch\/?s={search_term_string}"},"query-input":"required name=search_term_string"}],"inLanguage":"de-DE"},{"@type":"WebPage","@id":"https:\/\/www.leguriviera-groupe.ch\/emplois\/#webpage","url":"https:\/\/www.leguriviera-groupe.ch\/emplois\/","name":"Stellenangebote &ndash; L\u00e9guriviera","isPartOf":{"@id":"https:\/\/www.leguriviera-groupe.ch\/#website"},"datePublished":"2020-11-03T18:07:30+00:00","dateModified":"2025-05-20T07:37:32+00:00","description":"Werden Sie Teil eines dynamischen Unternehmens, das sich st\u00e4ndig weiterentwickelt und in seinem Bereich f\u00fchrend ist!","breadcrumb":{"@id":"https:\/\/www.leguriviera-groupe.ch\/emplois\/#breadcrumb"},"inLanguage":"de-DE","potentialAction":[{"@type":"ReadAction","target":["https:\/\/www.leguriviera-groupe.ch\/emplois\/"]}]},{"@type":"BreadcrumbList","@id":"https:\/\/www.leguriviera-groupe.ch\/emplois\/#breadcrumb","itemListElement":[{"@type":"ListItem","position":1,"name":"Accueil","item":"https:\/\/www.leguriviera-groupe.ch\/de\/"},{"@type":"ListItem","position":2,"name":"Stellenangebote"}]}]}},"_links":{"self":[{"href":"https:\/\/www.leguriviera-groupe.ch\/de\/wp-json\/wp\/v2\/pages\/149598"}],"collection":[{"href":"https:\/\/www.leguriviera-groupe.ch\/de\/wp-json\/wp\/v2\/pages"}],"about":[{"href":"https:\/\/www.leguriviera-groupe.ch\/de\/wp-json\/wp\/v2\/types\/page"}],"author":[{"embeddable":true,"href":"https:\/\/www.leguriviera-groupe.ch\/de\/wp-json\/wp\/v2\/users\/1"}],"replies":[{"embeddable":true,"href":"https:\/\/www.leguriviera-groupe.ch\/de\/wp-json\/wp\/v2\/comments?post=149598"}],"version-history":[{"count":20,"href":"https:\/\/www.leguriviera-groupe.ch\/de\/wp-json\/wp\/v2\/pages\/149598\/revisions"}],"predecessor-version":[{"id":1645858,"href":"https:\/\/www.leguriviera-groupe.ch\/de\/wp-json\/wp\/v2\/pages\/149598\/revisions\/1645858"}],"wp:attachment":[{"href":"https:\/\/www.leguriviera-groupe.ch\/de\/wp-json\/wp\/v2\/media?parent=149598"}],"curies":[{"name":"wp","href":"https:\/\/api.w.org\/{rel}","templated":true}]}}