{"id":149594,"date":"2021-02-19T16:47:37","date_gmt":"2021-02-19T15:47:37","guid":{"rendered":"https:\/\/www.leguriviera-groupe.ch\/veranstaltungen\/"},"modified":"2022-10-10T10:17:12","modified_gmt":"2022-10-10T08:17:12","slug":"veranstaltungen","status":"publish","type":"page","link":"https:\/\/www.leguriviera-groupe.ch\/de\/veranstaltungen\/","title":{"rendered":"Veranstaltungen"},"content":{"rendered":"<p>[vc_row full_width=&#8221;stretch_row_content&#8221; mobile_bg_img_hidden=&#8221;no&#8221; tablet_bg_img_hidden=&#8221;no&#8221; woodmart_parallax=&#8221;0&#8243; woodmart_gradient_switch=&#8221;no&#8221; row_reverse_mobile=&#8221;0&#8243; row_reverse_tablet=&#8221;0&#8243; woodmart_disable_overflow=&#8221;0&#8243; css=&#8221;.vc_custom_1604417351527{margin-top: 0px !important;margin-right: 0px !important;margin-bottom: 0px !important;margin-left: 0px !important;border-top-width: 0px !important;border-right-width: 0px !important;border-bottom-width: 0px !important;border-left-width: 0px !important;background-image: url(https:\/\/www.leguriviera-groupe.ch\/wp-content\/uploads\/2020\/11\/leguriviera_events.png?id=18479) !important;background-position: center !important;background-repeat: no-repeat !important;background-size: cover !important;}&#8221; el_id=&#8221;about_img_header&#8221;][vc_column css=&#8221;.vc_custom_1597070627697{background-position: center !important;background-repeat: no-repeat !important;background-size: cover !important;}&#8221; mobile_bg_img_hidden=&#8221;no&#8221; tablet_bg_img_hidden=&#8221;no&#8221; woodmart_parallax=&#8221;0&#8243; woodmart_sticky_column=&#8221;false&#8221; parallax_scroll=&#8221;no&#8221; mobile_reset_margin=&#8221;no&#8221; tablet_reset_margin=&#8221;no&#8221;][vc_empty_space height=&#8221;10vh&#8221; woodmart_hide_large=&#8221;0&#8243; woodmart_hide_medium=&#8221;0&#8243; woodmart_hide_small=&#8221;0&#8243; woodmart_hide_extra_small=&#8221;0&#8243;][vc_row_inner][vc_column_inner width=&#8221;1\/5&#8243;][\/vc_column_inner][vc_column_inner width=&#8221;3\/5&#8243;][vc_column_text text_larger=&#8221;no&#8221; css=&#8221;.vc_custom_1604417800807{margin-top: 50px !important;}&#8221;]<\/p>\n<h2 style=\"text-align: left;\"><span style=\"font-size: 70px; font-weight: 200; color: #ffffff;\">Veranstaltungen<\/span><\/h2>\n<p>[\/vc_column_text][\/vc_column_inner][vc_column_inner width=&#8221;1\/5&#8243;][\/vc_column_inner][\/vc_row_inner]\t\t\t<div id=\"wd-5fd37c46de657\" class=\"woodmart-row-divider wd-5fd37c46de657 dvr-position-bottom dvr-style-half-circle\">\n\t\t\t\t<svg xmlns=\"http:\/\/www.w3.org\/2000\/svg\" version=\"1.1\" width=\"100%\" height=\"50px\" viewBox=\"0 347 612 100\" preserveAspectRatio=\"none\">\n\t<path d=\"M0,447V347c244.8,100,367.2,100,612,0v100H0z\"\/>\n<\/svg>\n\t\t\t\t\t\t\t<\/div>\n\t\t[\/vc_column][\/vc_row][vc_row css_animation=&#8221;fadeIn&#8221; mobile_bg_img_hidden=&#8221;no&#8221; tablet_bg_img_hidden=&#8221;no&#8221; woodmart_parallax=&#8221;0&#8243; woodmart_gradient_switch=&#8221;no&#8221; row_reverse_mobile=&#8221;0&#8243; row_reverse_tablet=&#8221;0&#8243; woodmart_disable_overflow=&#8221;0&#8243;][vc_column mobile_bg_img_hidden=&#8221;no&#8221; tablet_bg_img_hidden=&#8221;no&#8221; woodmart_parallax=&#8221;0&#8243; woodmart_sticky_column=&#8221;false&#8221; parallax_scroll=&#8221;no&#8221; mobile_reset_margin=&#8221;no&#8221; tablet_reset_margin=&#8221;no&#8221;][vc_column_text text_larger=&#8221;no&#8221;]<\/p>\n<h2 style=\"text-align: left;\"><span style=\"font-size: 35px; font-weight: 200; color: #a31b5d;\">Unsere Veranstaltungen<\/span><\/h2>\n<h2 style=\"text-align: left;\"><span style=\"font-size: 20px; font-weight: 200; color: #a31b5d;\">Veranstaltungen sind Teil der DNA der Gruppe. Als wahre \u00c4stheten der Organisation, sch\u00f6ner Produkte und &#8220;guten Essens&#8221; sind wir sehr aktiv in der Ausrichtung von Veranstaltungen, insbesondere in der Gastronomie.<\/span><\/h2>\n<p>[\/vc_column_text][\/vc_column][\/vc_row][vc_row css_animation=&#8221;fadeIn&#8221; mobile_bg_img_hidden=&#8221;no&#8221; tablet_bg_img_hidden=&#8221;no&#8221; woodmart_parallax=&#8221;0&#8243; woodmart_gradient_switch=&#8221;no&#8221; row_reverse_mobile=&#8221;0&#8243; row_reverse_tablet=&#8221;0&#8243; woodmart_disable_overflow=&#8221;0&#8243;][vc_column mobile_bg_img_hidden=&#8221;no&#8221; tablet_bg_img_hidden=&#8221;no&#8221; woodmart_parallax=&#8221;0&#8243; woodmart_sticky_column=&#8221;false&#8221; parallax_scroll=&#8221;no&#8221; mobile_reset_margin=&#8221;no&#8221; tablet_reset_margin=&#8221;no&#8221;][vc_masonry_grid post_type=&#8221;post&#8221; max_items=&#8221;3&#8243; element_width=&#8221;3&#8243; order=&#8221;ASC&#8221; item=&#8221;18259&#8243; grid_id=&#8221;vc_gid:1609340809387-debfe547-ffe6-6&#8243; taxonomies=&#8221;9236&#8243;][\/vc_column][\/vc_row][vc_row css_animation=&#8221;fadeIn&#8221; mobile_bg_img_hidden=&#8221;no&#8221; tablet_bg_img_hidden=&#8221;no&#8221; woodmart_parallax=&#8221;0&#8243; woodmart_gradient_switch=&#8221;no&#8221; row_reverse_mobile=&#8221;0&#8243; row_reverse_tablet=&#8221;0&#8243; woodmart_disable_overflow=&#8221;0&#8243;][vc_column mobile_bg_img_hidden=&#8221;no&#8221; tablet_bg_img_hidden=&#8221;no&#8221; woodmart_parallax=&#8221;0&#8243; woodmart_sticky_column=&#8221;false&#8221; parallax_scroll=&#8221;no&#8221; mobile_reset_margin=&#8221;no&#8221; tablet_reset_margin=&#8221;no&#8221;][vc_column_text text_larger=&#8221;no&#8221;]<\/p>\n<h2 style=\"text-align: left;\"><span style=\"font-size: 35px; font-weight: 200; color: #a31b5d;\">Unsere Partnerschaften<\/span><\/h2>\n<h2 style=\"text-align: left;\"><span style=\"font-size: 20px; font-weight: 200; color: #a31b5d;\">Wir unterst\u00fctzen zahlreiche Veranstaltungen unterschiedlicher Gr\u00f6sse in verschiedenen Bereichen. Wir sind in der gl\u00fccklichen Lage, mit unseren Kunden und Partnern aussergew\u00f6hnliche Momente f\u00fcr einen fruchtbaren und freundschaftlichen Austausch zu teilen, wie zum Beispiel anl\u00e4sslich folgender Veranstaltungen:<\/span><\/h2>\n<p>[\/vc_column_text][\/vc_column][\/vc_row][vc_row content_placement=&#8221;middle&#8221; css_animation=&#8221;fadeIn&#8221; mobile_bg_img_hidden=&#8221;no&#8221; tablet_bg_img_hidden=&#8221;no&#8221; woodmart_parallax=&#8221;0&#8243; woodmart_gradient_switch=&#8221;no&#8221; row_reverse_mobile=&#8221;0&#8243; row_reverse_tablet=&#8221;0&#8243; woodmart_disable_overflow=&#8221;0&#8243; css=&#8221;.vc_custom_1607505281814{margin-top: 30px !important;margin-bottom: 30px !important;}&#8221;][vc_column width=&#8221;1\/2&#8243; woodmart_text_align=&#8221;center&#8221; mobile_bg_img_hidden=&#8221;no&#8221; tablet_bg_img_hidden=&#8221;no&#8221; woodmart_parallax=&#8221;0&#8243; woodmart_sticky_column=&#8221;false&#8221; parallax_scroll=&#8221;no&#8221; mobile_reset_margin=&#8221;no&#8221; tablet_reset_margin=&#8221;no&#8221; css=&#8221;.vc_custom_1607504891143{margin-top: 20px !important;}&#8221;][vc_single_image image=&#8221;93349&#8243; img_size=&#8221;full&#8221; parallax_scroll=&#8221;no&#8221;][\/vc_column][vc_column width=&#8221;1\/2&#8243;][vc_column_text text_larger=&#8221;no&#8221;]<\/p>\n<h5>Die L\u00e9guriviera Gruppe Pionier der Atypical Partners. Bereits seit der Einf\u00fchrung dieses Sponsoring-Konzepts begr\u00fcssen wir unsere G\u00e4ste an der Riviera<\/h5>\n<p>[\/vc_column_text][\/vc_column][\/vc_row][vc_row content_placement=&#8221;middle&#8221; css_animation=&#8221;fadeIn&#8221; mobile_bg_img_hidden=&#8221;no&#8221; tablet_bg_img_hidden=&#8221;no&#8221; woodmart_parallax=&#8221;0&#8243; woodmart_gradient_switch=&#8221;no&#8221; row_reverse_mobile=&#8221;0&#8243; row_reverse_tablet=&#8221;0&#8243; woodmart_disable_overflow=&#8221;0&#8243;][vc_column width=&#8221;1\/2&#8243; woodmart_text_align=&#8221;left&#8221; mobile_bg_img_hidden=&#8221;no&#8221; tablet_bg_img_hidden=&#8221;no&#8221; woodmart_parallax=&#8221;0&#8243; woodmart_sticky_column=&#8221;false&#8221; parallax_scroll=&#8221;no&#8221; mobile_reset_margin=&#8221;no&#8221; tablet_reset_margin=&#8221;no&#8221; css=&#8221;.vc_custom_1607505080683{margin-top: 20px !important;}&#8221;][vc_column_text text_larger=&#8221;no&#8221;]<\/p>\n<h5>Dies ist ein Wettbewerb, der den Profis vorbehalten ist und den wir seit seiner Gr\u00fcndung unterst\u00fctzen. Wir sind stolz darauf, einer der Hauptsponsoren zu sein.<\/h5>\n<p>[\/vc_column_text][\/vc_column][vc_column width=&#8221;1\/2&#8243; woodmart_text_align=&#8221;center&#8221; mobile_bg_img_hidden=&#8221;no&#8221; tablet_bg_img_hidden=&#8221;no&#8221; woodmart_parallax=&#8221;0&#8243; woodmart_sticky_column=&#8221;false&#8221; parallax_scroll=&#8221;no&#8221; mobile_reset_margin=&#8221;no&#8221; tablet_reset_margin=&#8221;no&#8221;][vc_single_image image=&#8221;93356&#8243; img_size=&#8221;300&#215;200&#8243; alignment=&#8221;center&#8221; parallax_scroll=&#8221;no&#8221;][\/vc_column][\/vc_row][vc_row content_placement=&#8221;middle&#8221; css_animation=&#8221;fadeIn&#8221; mobile_bg_img_hidden=&#8221;no&#8221; tablet_bg_img_hidden=&#8221;no&#8221; woodmart_parallax=&#8221;0&#8243; woodmart_gradient_switch=&#8221;no&#8221; row_reverse_mobile=&#8221;0&#8243; row_reverse_tablet=&#8221;0&#8243; woodmart_disable_overflow=&#8221;0&#8243;][vc_column width=&#8221;1\/2&#8243; woodmart_text_align=&#8221;center&#8221; mobile_bg_img_hidden=&#8221;no&#8221; tablet_bg_img_hidden=&#8221;no&#8221; woodmart_parallax=&#8221;0&#8243; woodmart_sticky_column=&#8221;false&#8221; parallax_scroll=&#8221;no&#8221; mobile_reset_margin=&#8221;no&#8221; tablet_reset_margin=&#8221;no&#8221; css=&#8221;.vc_custom_1607504895932{margin-top: 20px !important;}&#8221;][vc_single_image image=&#8221;93365&#8243; img_size=&#8221;200&#215;200&#8243; alignment=&#8221;center&#8221; parallax_scroll=&#8221;no&#8221;][\/vc_column][vc_column width=&#8221;1\/2&#8243; woodmart_text_align=&#8221;left&#8221; mobile_bg_img_hidden=&#8221;no&#8221; tablet_bg_img_hidden=&#8221;no&#8221; woodmart_parallax=&#8221;0&#8243; woodmart_sticky_column=&#8221;false&#8221; parallax_scroll=&#8221;no&#8221; mobile_reset_margin=&#8221;no&#8221; tablet_reset_margin=&#8221;no&#8221;][vc_column_text text_larger=&#8221;no&#8221;]<\/p>\n<h5>Seit vielen Jahren unterst\u00fctzen wir den Club im Waadt und bringen unsere Kunden in Malley zum Beben.<\/h5>\n<p>[\/vc_column_text][\/vc_column][\/vc_row][vc_row css_animation=&#8221;fadeIn&#8221; mobile_bg_img_hidden=&#8221;no&#8221; tablet_bg_img_hidden=&#8221;no&#8221; woodmart_parallax=&#8221;0&#8243; woodmart_gradient_switch=&#8221;no&#8221; row_reverse_mobile=&#8221;0&#8243; row_reverse_tablet=&#8221;0&#8243; woodmart_disable_overflow=&#8221;0&#8243;][vc_column mobile_bg_img_hidden=&#8221;no&#8221; tablet_bg_img_hidden=&#8221;no&#8221; woodmart_parallax=&#8221;0&#8243; woodmart_sticky_column=&#8221;false&#8221; parallax_scroll=&#8221;no&#8221; mobile_reset_margin=&#8221;no&#8221; tablet_reset_margin=&#8221;no&#8221; css=&#8221;.vc_custom_1607505364056{margin-top: 50px !important;}&#8221;][vc_column_text text_larger=&#8221;no&#8221;]<\/p>\n<h2 style=\"text-align: left;\"><span style=\"font-size: 35px; font-weight: 200; color: #a31b5d;\">Vergangene Veranstaltungen<\/span><\/h2>\n<p>[\/vc_column_text][\/vc_column][\/vc_row][vc_row css_animation=&#8221;fadeIn&#8221; mobile_bg_img_hidden=&#8221;no&#8221; tablet_bg_img_hidden=&#8221;no&#8221; woodmart_parallax=&#8221;0&#8243; woodmart_gradient_switch=&#8221;no&#8221; row_reverse_mobile=&#8221;0&#8243; row_reverse_tablet=&#8221;0&#8243; woodmart_disable_overflow=&#8221;0&#8243;][vc_column mobile_bg_img_hidden=&#8221;no&#8221; tablet_bg_img_hidden=&#8221;no&#8221; woodmart_parallax=&#8221;0&#8243; woodmart_sticky_column=&#8221;false&#8221; parallax_scroll=&#8221;no&#8221; mobile_reset_margin=&#8221;no&#8221; tablet_reset_margin=&#8221;no&#8221;][vc_masonry_grid post_type=&#8221;post&#8221; max_items=&#8221;10&#8243; element_width=&#8221;3&#8243; order=&#8221;ASC&#8221; item=&#8221;18259&#8243; grid_id=&#8221;vc_gid:1609340809392-05a0c81e-4fb9-8&#8243; taxonomies=&#8221;9236&#8243; exclude=&#8221;18219, 18221&#8243;][\/vc_column][\/vc_row]<\/p>\n","protected":false},"excerpt":{"rendered":"<p>[vc_row full_width=&#8221;stretch_row_content&#8221; mobile_bg_img_hidden=&#8221;no&#8221; tablet_bg_img_hidden=&#8221;no&#8221; woodmart_parallax=&#8221;0&#8243; woodmart_gradient_switch=&#8221;no&#8221; row_reverse_mobile=&#8221;0&#8243; row_reverse_tablet=&#8221;0&#8243; woodmart_disable_overflow=&#8221;0&#8243; css=&#8221;.vc_custom_1604417351527{margin-top: 0px !important;margin-right: 0px !important;margin-bottom: 0px !important;margin-left: 0px !important;border-top-width: 0px !important;border-right-width:<\/p>\n","protected":false},"author":1,"featured_media":0,"parent":0,"menu_order":0,"comment_status":"closed","ping_status":"closed","template":"","meta":[],"acf":[],"yoast_head":"<!-- This site is optimized with the Yoast SEO plugin v17.2.1 - https:\/\/yoast.com\/wordpress\/plugins\/seo\/ -->\n<title>Veranstaltungen &ndash; L\u00e9guriviera Groupe<\/title>\n<meta name=\"robots\" content=\"index, follow, max-snippet:-1, max-image-preview:large, max-video-preview:-1\" \/>\n<link rel=\"canonical\" href=\"https:\/\/www.leguriviera-groupe.ch\/de\/veranstaltungen\/\" \/>\n<meta property=\"og:locale\" content=\"de_DE\" \/>\n<meta property=\"og:type\" content=\"article\" \/>\n<meta property=\"og:title\" content=\"Veranstaltungen &ndash; L\u00e9guriviera Groupe\" \/>\n<meta property=\"og:description\" content=\"[vc_row full_width=&#8221;stretch_row_content&#8221; mobile_bg_img_hidden=&#8221;no&#8221; tablet_bg_img_hidden=&#8221;no&#8221; woodmart_parallax=&#8221;0&#8243; woodmart_gradient_switch=&#8221;no&#8221; row_reverse_mobile=&#8221;0&#8243; row_reverse_tablet=&#8221;0&#8243; woodmart_disable_overflow=&#8221;0&#8243; css=&#8221;.vc_custom_1604417351527{margin-top: 0px !important;margin-right: 0px !important;margin-bottom: 0px !important;margin-left: 0px !important;border-top-width: 0px !important;border-right-width:\" \/>\n<meta property=\"og:url\" content=\"https:\/\/www.leguriviera-groupe.ch\/de\/veranstaltungen\/\" \/>\n<meta property=\"og:site_name\" content=\"L\u00e9guriviera Groupe\" \/>\n<meta property=\"article:publisher\" content=\"https:\/\/www.facebook.com\/legurivierasa\" \/>\n<meta property=\"article:modified_time\" content=\"2022-10-10T08:17:12+00:00\" \/>\n<meta name=\"twitter:card\" content=\"summary_large_image\" \/>\n<meta name=\"twitter:label1\" content=\"Gesch\u00e4tzte Lesezeit\" \/>\n\t<meta name=\"twitter:data1\" content=\"2 Minuten\" \/>\n<script type=\"application\/ld+json\" class=\"yoast-schema-graph\">{\"@context\":\"https:\/\/schema.org\",\"@graph\":[{\"@type\":\"Organization\",\"@id\":\"https:\/\/www.leguriviera-groupe.ch\/#organization\",\"name\":\"L\\u00e9guriviera Groupe\",\"url\":\"https:\/\/www.leguriviera-groupe.ch\/\",\"sameAs\":[\"https:\/\/www.facebook.com\/legurivierasa\",\"https:\/\/www.instagram.com\/leguriviera_groupe\/\",\"https:\/\/ch.linkedin.com\/company\/l\\u00e9guriviera-groupe\",\"https:\/\/www.youtube.com\/channel\/UCyYRaKk6tstZu7CgfSWq9QA\"],\"logo\":{\"@type\":\"ImageObject\",\"@id\":\"https:\/\/www.leguriviera-groupe.ch\/#logo\",\"inLanguage\":\"de-DE\",\"url\":\"\",\"contentUrl\":\"\",\"caption\":\"L\\u00e9guriviera Groupe\"},\"image\":{\"@id\":\"https:\/\/www.leguriviera-groupe.ch\/#logo\"}},{\"@type\":\"WebSite\",\"@id\":\"https:\/\/www.leguriviera-groupe.ch\/#website\",\"url\":\"https:\/\/www.leguriviera-groupe.ch\/\",\"name\":\"L\\u00e9guriviera Groupe\",\"description\":\"Fruits et l\\u00e9gumes d&#039;exception\",\"publisher\":{\"@id\":\"https:\/\/www.leguriviera-groupe.ch\/#organization\"},\"potentialAction\":[{\"@type\":\"SearchAction\",\"target\":{\"@type\":\"EntryPoint\",\"urlTemplate\":\"https:\/\/www.leguriviera-groupe.ch\/?s={search_term_string}\"},\"query-input\":\"required name=search_term_string\"}],\"inLanguage\":\"de-DE\"},{\"@type\":\"WebPage\",\"@id\":\"https:\/\/www.leguriviera-groupe.ch\/de\/veranstaltungen\/#webpage\",\"url\":\"https:\/\/www.leguriviera-groupe.ch\/de\/veranstaltungen\/\",\"name\":\"Veranstaltungen &ndash; L\\u00e9guriviera Groupe\",\"isPartOf\":{\"@id\":\"https:\/\/www.leguriviera-groupe.ch\/#website\"},\"datePublished\":\"2021-02-19T15:47:37+00:00\",\"dateModified\":\"2022-10-10T08:17:12+00:00\",\"breadcrumb\":{\"@id\":\"https:\/\/www.leguriviera-groupe.ch\/de\/veranstaltungen\/#breadcrumb\"},\"inLanguage\":\"de-DE\",\"potentialAction\":[{\"@type\":\"ReadAction\",\"target\":[\"https:\/\/www.leguriviera-groupe.ch\/de\/veranstaltungen\/\"]}]},{\"@type\":\"BreadcrumbList\",\"@id\":\"https:\/\/www.leguriviera-groupe.ch\/de\/veranstaltungen\/#breadcrumb\",\"itemListElement\":[{\"@type\":\"ListItem\",\"position\":1,\"name\":\"Accueil\",\"item\":\"https:\/\/www.leguriviera-groupe.ch\/de\/\"},{\"@type\":\"ListItem\",\"position\":2,\"name\":\"Veranstaltungen\"}]}]}<\/script>\n<!-- \/ Yoast SEO plugin. -->","yoast_head_json":{"title":"Veranstaltungen &ndash; L\u00e9guriviera Groupe","robots":{"index":"index","follow":"follow","max-snippet":"max-snippet:-1","max-image-preview":"max-image-preview:large","max-video-preview":"max-video-preview:-1"},"canonical":"https:\/\/www.leguriviera-groupe.ch\/de\/veranstaltungen\/","og_locale":"de_DE","og_type":"article","og_title":"Veranstaltungen &ndash; L\u00e9guriviera Groupe","og_description":"[vc_row full_width=&#8221;stretch_row_content&#8221; mobile_bg_img_hidden=&#8221;no&#8221; tablet_bg_img_hidden=&#8221;no&#8221; woodmart_parallax=&#8221;0&#8243; woodmart_gradient_switch=&#8221;no&#8221; row_reverse_mobile=&#8221;0&#8243; row_reverse_tablet=&#8221;0&#8243; woodmart_disable_overflow=&#8221;0&#8243; css=&#8221;.vc_custom_1604417351527{margin-top: 0px !important;margin-right: 0px !important;margin-bottom: 0px !important;margin-left: 0px !important;border-top-width: 0px !important;border-right-width:","og_url":"https:\/\/www.leguriviera-groupe.ch\/de\/veranstaltungen\/","og_site_name":"L\u00e9guriviera Groupe","article_publisher":"https:\/\/www.facebook.com\/legurivierasa","article_modified_time":"2022-10-10T08:17:12+00:00","twitter_card":"summary_large_image","twitter_misc":{"Gesch\u00e4tzte Lesezeit":"2 Minuten"},"schema":{"@context":"https:\/\/schema.org","@graph":[{"@type":"Organization","@id":"https:\/\/www.leguriviera-groupe.ch\/#organization","name":"L\u00e9guriviera Groupe","url":"https:\/\/www.leguriviera-groupe.ch\/","sameAs":["https:\/\/www.facebook.com\/legurivierasa","https:\/\/www.instagram.com\/leguriviera_groupe\/","https:\/\/ch.linkedin.com\/company\/l\u00e9guriviera-groupe","https:\/\/www.youtube.com\/channel\/UCyYRaKk6tstZu7CgfSWq9QA"],"logo":{"@type":"ImageObject","@id":"https:\/\/www.leguriviera-groupe.ch\/#logo","inLanguage":"de-DE","url":"","contentUrl":"","caption":"L\u00e9guriviera Groupe"},"image":{"@id":"https:\/\/www.leguriviera-groupe.ch\/#logo"}},{"@type":"WebSite","@id":"https:\/\/www.leguriviera-groupe.ch\/#website","url":"https:\/\/www.leguriviera-groupe.ch\/","name":"L\u00e9guriviera Groupe","description":"Fruits et l\u00e9gumes d&#039;exception","publisher":{"@id":"https:\/\/www.leguriviera-groupe.ch\/#organization"},"potentialAction":[{"@type":"SearchAction","target":{"@type":"EntryPoint","urlTemplate":"https:\/\/www.leguriviera-groupe.ch\/?s={search_term_string}"},"query-input":"required name=search_term_string"}],"inLanguage":"de-DE"},{"@type":"WebPage","@id":"https:\/\/www.leguriviera-groupe.ch\/de\/veranstaltungen\/#webpage","url":"https:\/\/www.leguriviera-groupe.ch\/de\/veranstaltungen\/","name":"Veranstaltungen &ndash; L\u00e9guriviera Groupe","isPartOf":{"@id":"https:\/\/www.leguriviera-groupe.ch\/#website"},"datePublished":"2021-02-19T15:47:37+00:00","dateModified":"2022-10-10T08:17:12+00:00","breadcrumb":{"@id":"https:\/\/www.leguriviera-groupe.ch\/de\/veranstaltungen\/#breadcrumb"},"inLanguage":"de-DE","potentialAction":[{"@type":"ReadAction","target":["https:\/\/www.leguriviera-groupe.ch\/de\/veranstaltungen\/"]}]},{"@type":"BreadcrumbList","@id":"https:\/\/www.leguriviera-groupe.ch\/de\/veranstaltungen\/#breadcrumb","itemListElement":[{"@type":"ListItem","position":1,"name":"Accueil","item":"https:\/\/www.leguriviera-groupe.ch\/de\/"},{"@type":"ListItem","position":2,"name":"Veranstaltungen"}]}]}},"_links":{"self":[{"href":"https:\/\/www.leguriviera-groupe.ch\/de\/wp-json\/wp\/v2\/pages\/149594"}],"collection":[{"href":"https:\/\/www.leguriviera-groupe.ch\/de\/wp-json\/wp\/v2\/pages"}],"about":[{"href":"https:\/\/www.leguriviera-groupe.ch\/de\/wp-json\/wp\/v2\/types\/page"}],"author":[{"embeddable":true,"href":"https:\/\/www.leguriviera-groupe.ch\/de\/wp-json\/wp\/v2\/users\/1"}],"replies":[{"embeddable":true,"href":"https:\/\/www.leguriviera-groupe.ch\/de\/wp-json\/wp\/v2\/comments?post=149594"}],"version-history":[{"count":3,"href":"https:\/\/www.leguriviera-groupe.ch\/de\/wp-json\/wp\/v2\/pages\/149594\/revisions"}],"predecessor-version":[{"id":1420555,"href":"https:\/\/www.leguriviera-groupe.ch\/de\/wp-json\/wp\/v2\/pages\/149594\/revisions\/1420555"}],"wp:attachment":[{"href":"https:\/\/www.leguriviera-groupe.ch\/de\/wp-json\/wp\/v2\/media?parent=149594"}],"curies":[{"name":"wp","href":"https:\/\/api.w.org\/{rel}","templated":true}]}}